{"id":17,"date":"2014-07-09T19:27:55","date_gmt":"2014-07-09T19:27:55","guid":{"rendered":"http:\/\/jurubebaproducoes.com.br\/jarman\/?page_id=17"},"modified":"2016-04-13T22:52:05","modified_gmt":"2016-04-13T22:52:05","slug":"apresentacao","status":"publish","type":"page","link":"http:\/\/mostraderekjarman.jurubebaproducoes.com.br\/2016\/apresentacao\/","title":{"rendered":"Apresenta\u00e7\u00e3o"},"content":{"rendered":"<p>A CAIXA Cultural apresenta a mostra Derek Jarman \u2013 Cinema \u00e9 liberdade, com patroc\u00ednio da CAIXA e em parceria com a Jurubeba Produ\u00e7\u00f5es e o curador Raphael Fonseca. Uma criteriosa sele\u00e7\u00e3o de obras do diretor brit\u00e2nico, cuja produ\u00e7\u00e3o se aproxima das artes, do experimental e da po\u00e9tica do excesso, da sexualidade, do drama, apresentada em seus longas e curtas, al\u00e9m dos videoclipes dirigidos nos anos 1980 traz \u00e0 tona a discuss\u00e3o de um g\u00eanero exemplar da s\u00e9tima arte.<\/p>\n<p>&nbsp;<\/p>\n<p>O projeto conta tamb\u00e9m com debates e palestras, no Rio de Janeiro e\u00a0em S\u00e3o Paulo, dos quais participar\u00e3o especialistas em cinema homoer\u00f3tico, queer e na obra de Jarman. A mostra trar\u00e1 ao p\u00fablico a oportunidade de conhecer a obra desse virtuoso e not\u00e1vel artista que enfrentou pol\u00eamicas e preconceitos de seu tempo que persistem nos dias de hoje.<\/p>\n<p>&nbsp;<\/p>\n<p>A CAIXA \u00e9 uma das empresas que mais investe na arte e cultura brasileira. Cerca de R$ 75 milh\u00f5es de seu or\u00e7amento s\u00e3o anualmente destinados a patrocinar projetos culturais em seus espa\u00e7os mantidos em sete capitais do pa\u00eds.<\/p>\n<p>&nbsp;<\/p>\n<p>Os projetos que ocupam as unidades da CAIXA Cultural s\u00e3o selecionados via edital p\u00fablico. Esta \u00e9 uma op\u00e7\u00e3o da CAIXA para fazer mais democr\u00e1tica e acess\u00edvel a participa\u00e7\u00e3o de produtores e artistas de todo o pa\u00eds, bem como tamb\u00e9m dar mais transpar\u00eancia \u00e0 utiliza\u00e7\u00e3o dos\u00a0 recursos da empresa.<\/p>\n<p>&nbsp;<\/p>\n<p>Assim, ao viabilizar esta mostra de cinema, a CAIXA contribui com o pensamento cr\u00edtico e o respeito \u00e0 diversidade de g\u00eanero, ra\u00e7a, op\u00e7\u00e3o sexual e todas as demais diferen\u00e7as que caracterizam a sociedade, dando mais uma prova do seu compromisso com os brasileiros.\u00a0H\u00e1 155 anos, tem atuado intensamente na melhoria da qualidade de vida da popula\u00e7\u00e3o.\u00a0Al\u00e9m de seu papel como banco p\u00fablico e parceiro das pol\u00edticas de estado, a CAIXA ap\u00f3ia e estimula a cultura, especialmente na circula\u00e7\u00e3o de eventos por todo o pa\u00eds.<\/p>\n<p>&nbsp;<\/p>\n<p>Chegar a tantas pessoas e lugares \u00e9 um desafio que vale a pena. Para a CAIXA, a vida pede mais!<\/p>\n<p>&nbsp;<\/p>\n<p>Atenciosamente,<br \/>\nLygia Galizia<br \/>\nSupervisor de Filial SE<br \/>\nGI Marketing Cultural SP<br \/>\nSonia Regina da Silva<br \/>\nGerente de Filial<br \/>\nGI Marketing Cultural SP<\/p>\n","protected":false},"excerpt":{"rendered":"<p>A CAIXA Cultural apresenta a mostra Derek Jarman \u2013 Cinema \u00e9 liberdade, com patroc\u00ednio da CAIXA e em parceria com a Jurubeba Produ\u00e7\u00f5es e o curador Raphael Fonseca. Uma criteriosa sele\u00e7\u00e3o de obras do diretor brit\u00e2nico, cuja produ\u00e7\u00e3o se aproxima das artes, do experimental e da po\u00e9tica do excesso, da sexualidade, do drama, apresentada em [&hellip;]<\/p>\n","protected":false},"author":1,"featured_media":0,"parent":0,"menu_order":0,"comment_status":"open","ping_status":"open","template":"page-apresentacao.php","meta":{"footnotes":""},"class_list":["post-17","page","type-page","status-publish","hentry"],"_links":{"self":[{"href":"http:\/\/mostraderekjarman.jurubebaproducoes.com.br\/2016\/wp-json\/wp\/v2\/pages\/17","targetHints":{"allow":["GET"]}}],"collection":[{"href":"http:\/\/mostraderekjarman.jurubebaproducoes.com.br\/2016\/wp-json\/wp\/v2\/pages"}],"about":[{"href":"http:\/\/mostraderekjarman.jurubebaproducoes.com.br\/2016\/wp-json\/wp\/v2\/types\/page"}],"author":[{"embeddable":true,"href":"http:\/\/mostraderekjarman.jurubebaproducoes.com.br\/2016\/wp-json\/wp\/v2\/users\/1"}],"replies":[{"embeddable":true,"href":"http:\/\/mostraderekjarman.jurubebaproducoes.com.br\/2016\/wp-json\/wp\/v2\/comments?post=17"}],"version-history":[{"count":4,"href":"http:\/\/mostraderekjarman.jurubebaproducoes.com.br\/2016\/wp-json\/wp\/v2\/pages\/17\/revisions"}],"predecessor-version":[{"id":150,"href":"http:\/\/mostraderekjarman.jurubebaproducoes.com.br\/2016\/wp-json\/wp\/v2\/pages\/17\/revisions\/150"}],"wp:attachment":[{"href":"http:\/\/mostraderekjarman.jurubebaproducoes.com.br\/2016\/wp-json\/wp\/v2\/media?parent=17"}],"curies":[{"name":"wp","href":"https:\/\/api.w.org\/{rel}","templated":true}]}}