{"id":25,"date":"2014-07-10T22:33:30","date_gmt":"2014-07-10T22:33:30","guid":{"rendered":"http:\/\/jurubebaproducoes.com.br\/jarman\/?page_id=25"},"modified":"2016-05-10T20:45:25","modified_gmt":"2016-05-10T20:45:25","slug":"creditos","status":"publish","type":"page","link":"http:\/\/mostraderekjarman.jurubebaproducoes.com.br\/2016\/creditos\/","title":{"rendered":"Cr\u00e9ditos"},"content":{"rendered":"<p><strong>Presidenta da rep\u00fablica<\/strong><br \/>\nDilma Rousseff<\/p>\n<p>&nbsp;<\/p>\n<p><strong>Ministro da Economia<\/strong><br \/>\nNelson Barbosa<\/p>\n<p>&nbsp;<\/p>\n<p><strong>Presidenta da CAIXA<\/strong><br \/>\nMiriam Belchior<\/p>\n<p>&nbsp;<\/p>\n<p><strong>Realiza\u00e7\u00e3o<\/strong><br \/>\nJurubeba Produ\u00e7\u00f5es<\/p>\n<p>&nbsp;<\/p>\n<p><strong>Idealiza\u00e7\u00e3o e Curadoria<\/strong><br \/>\nRaphael Fonseca<\/p>\n<p>&nbsp;<\/p>\n<p><strong>Coordena\u00e7\u00e3o Geral e Coordena\u00e7\u00e3o de Produ\u00e7\u00e3o<\/strong><br \/>\nAlessandra Casta\u00f1eda<\/p>\n<p>&nbsp;<\/p>\n<p><strong>Produtor Executivo e Produ\u00e7\u00e3o<\/strong><br \/>\nAmanda Castro<\/p>\n<p>&nbsp;<\/p>\n<p><strong>Assistente de Produ\u00e7\u00e3o Executiva<\/strong><br \/>\nNatalia Mendon\u00e7a<\/p>\n<p>&nbsp;<\/p>\n<p><strong>Monitoria RJ<\/strong><br \/>\nThiago Tavares<\/p>\n<p>&nbsp;<\/p>\n<p><strong>Produtor Local SP<\/strong><br \/>\nJuliana Brito<\/p>\n<p>&nbsp;<\/p>\n<p><strong>Monitoria SP<\/strong><br \/>\nUrian Kel Boldo<\/p>\n<p>&nbsp;<\/p>\n<p><strong>Assistente de Produ\u00e7\u00e3o<\/strong><br \/>\nDaniel Ara\u00fajo<\/p>\n<p>&nbsp;<\/p>\n<p><strong>Produ\u00e7\u00e3o de C\u00f3pias e Coordena\u00e7\u00e3o Editorial<\/strong><br \/>\nVictor Dias<\/p>\n<p>&nbsp;<\/p>\n<p><strong>Legendagem Eletr\u00f4nica<\/strong><br \/>\n4 Esta\u00e7\u00f5es<\/p>\n<p>&nbsp;<\/p>\n<p><strong>Programador Visual<\/strong><br \/>\nRicardo Prema<br \/>\nDaniel Real<\/p>\n<p>&nbsp;<\/p>\n<p><strong>Assessoria de Imprensa SP<\/strong><br \/>\nD\u00e9cio Hernandez Di Giorgi<br \/>\nAdelante Comunica\u00e7\u00e3o Cultural<\/p>\n<p>&nbsp;<\/p>\n<p><strong>Assessoria de Imprensa\u00a0RJ<\/strong><br \/>\nD\u00e9cio Hernandez Di Giorgi<br \/>\nAdelante Comunica\u00e7\u00e3o Cultural<\/p>\n<p>&nbsp;<\/p>\n<p><strong>Vinheta<\/strong><br \/>\nTiago Cadete<\/p>\n<p>&nbsp;<\/p>\n<p><strong>Registro Fotogr\u00e1fico RJ<\/strong><br \/>\nRodrigo Gorosito<\/p>\n<p>&nbsp;<\/p>\n<p><strong>Registro Fotogr\u00e1fico SP<\/strong><br \/>\nCaio Eug\u00eanio de Sousa<\/p>\n<p>&nbsp;<\/p>\n<p><strong>Revis\u00e3o de textos<\/strong><br \/>\nRACHEL ADES<\/p>\n<p>&nbsp;<\/p>\n<p><strong>Tradu\u00e7\u00e3o de textos<\/strong><br \/>\nRACHEL ADES<\/p>\n<p>&nbsp;<\/p>\n<p><strong>Produ\u00e7\u00e3o de textos<\/strong><br \/>\nADRIANA PINTO AZEVEDO<br \/>\nALEXANDRE FIGUEIR\u00d4A<br \/>\nANGELA PRYSTHON<br \/>\nBERNARDO BRITTO<br \/>\nBERNARDO MOSQUEIRA<br \/>\nBRENO MARQUES RIBEIRO DE FARIA<br \/>\nBRUNO CARMELO<br \/>\nCAROLINA ALFRADIQUE<br \/>\nCECILIA ANTAKLY<br \/>\nCEZAR BARTHOLOMEU<br \/>\nFABIANA DIAS<br \/>\nFRANCISCO CAMACHO<br \/>\nJO\u00c3O MANUEL DE OLIVEIRA<br \/>\nJOAQUIM CASTRO<br \/>\nJORGE SOLEDAR<br \/>\nJULIANO GOMES<br \/>\nLEO FELIPE<br \/>\nLUIZ CARLOS ANDREGHETTO<br \/>\nMARCELO AUGUSTO TEIXEIRA<br \/>\nMARCIO HARUM<br \/>\nRAPHAEL FONSECA<br \/>\nTALES FREY<br \/>\nTATIANA MONASSA<br \/>\nTIAGO CADETE<br \/>\nYANN BEAUVAIS<\/p>\n<p>&nbsp;<\/p>\n<p><strong>Agradecimentos<\/strong><br \/>\nCarol Ferreira<br \/>\nFlavia Candida<br \/>\nGleyce Heitor<br \/>\nGiovani Barros<br \/>\nMarcio Lima<br \/>\nSueli do Sacramento<\/p>\n<p>&nbsp;<\/p>\n","protected":false},"excerpt":{"rendered":"<p>Presidenta da rep\u00fablica Dilma Rousseff &nbsp; Ministro da Economia Nelson Barbosa &nbsp; Presidenta da CAIXA Miriam Belchior &nbsp; Realiza\u00e7\u00e3o Jurubeba Produ\u00e7\u00f5es &nbsp; Idealiza\u00e7\u00e3o e Curadoria Raphael Fonseca &nbsp; Coordena\u00e7\u00e3o Geral e Coordena\u00e7\u00e3o de Produ\u00e7\u00e3o Alessandra Casta\u00f1eda &nbsp; Produtor Executivo e Produ\u00e7\u00e3o Amanda Castro &nbsp; Assistente de Produ\u00e7\u00e3o Executiva Natalia Mendon\u00e7a &nbsp; Monitoria RJ Thiago Tavares [&hellip;]<\/p>\n","protected":false},"author":1,"featured_media":0,"parent":0,"menu_order":0,"comment_status":"open","ping_status":"open","template":"page-creditos.php","meta":{"footnotes":""},"class_list":["post-25","page","type-page","status-publish","hentry"],"_links":{"self":[{"href":"http:\/\/mostraderekjarman.jurubebaproducoes.com.br\/2016\/wp-json\/wp\/v2\/pages\/25","targetHints":{"allow":["GET"]}}],"collection":[{"href":"http:\/\/mostraderekjarman.jurubebaproducoes.com.br\/2016\/wp-json\/wp\/v2\/pages"}],"about":[{"href":"http:\/\/mostraderekjarman.jurubebaproducoes.com.br\/2016\/wp-json\/wp\/v2\/types\/page"}],"author":[{"embeddable":true,"href":"http:\/\/mostraderekjarman.jurubebaproducoes.com.br\/2016\/wp-json\/wp\/v2\/users\/1"}],"replies":[{"embeddable":true,"href":"http:\/\/mostraderekjarman.jurubebaproducoes.com.br\/2016\/wp-json\/wp\/v2\/comments?post=25"}],"version-history":[{"count":12,"href":"http:\/\/mostraderekjarman.jurubebaproducoes.com.br\/2016\/wp-json\/wp\/v2\/pages\/25\/revisions"}],"predecessor-version":[{"id":226,"href":"http:\/\/mostraderekjarman.jurubebaproducoes.com.br\/2016\/wp-json\/wp\/v2\/pages\/25\/revisions\/226"}],"wp:attachment":[{"href":"http:\/\/mostraderekjarman.jurubebaproducoes.com.br\/2016\/wp-json\/wp\/v2\/media?parent=25"}],"curies":[{"name":"wp","href":"https:\/\/api.w.org\/{rel}","templated":true}]}}