{"id":33,"date":"2014-07-16T20:17:42","date_gmt":"2014-07-16T20:17:42","guid":{"rendered":"http:\/\/jurubebaproducoes.com.br\/jarman\/?page_id=33"},"modified":"2016-05-16T22:11:53","modified_gmt":"2016-05-16T22:11:53","slug":"servico","status":"publish","type":"page","link":"http:\/\/mostraderekjarman.jurubebaproducoes.com.br\/2016\/servico\/","title":{"rendered":"Servi\u00e7o"},"content":{"rendered":"<p style=\"text-align: left;\">CAIXA BELAS ARTES<\/p>\n<p>&nbsp;<\/p>\n<p>Rua da Consola\u00e7\u00e3o, 2423<\/p>\n<p>Consola\u00e7\u00e3o \u2013 S\u00e3o Paulo (SP)<\/p>\n<p><a href=\"http:\/\/caixabelasartes.com.br\/\" target=\"_blank\">caixabelasartes.com.br<\/a><\/p>\n<p>&nbsp;<\/p>\n<p>Fone: (11) 2894-5781<\/p>\n<p>Per\u00edodo: 19\/05 a\u00a01\u00ba\/06\/2016<\/p>\n<p>&nbsp;<\/p>\n<p>Entrada pala metade do valor praticado no cinema CAIXA Belas Artes<\/p>\n<p><strong>R$10<\/strong><\/p>\n<p><strong>R$5<\/strong> (meia)<\/p>\n<p>&nbsp;<\/p>\n<p>Valor do Passaporte<br \/>\n<strong>R$ 30,00<\/strong><br \/>\n&nbsp;<\/p>\n<p>Consulte os hor\u00e1rios das sess\u00f5es<\/p>\n<p>&nbsp;<\/p>\n<p><strong>Contato da Assessoria de Imprensa SP<\/strong><br \/>\nD\u00e9cio Hernandez Di Giorgi<br \/>\ndecio.di.giorgi@gmail.com<br \/>\n(11) 3589-6212 \/ 98255-3338<\/p>\n<p>&nbsp;<\/p>\n<p><strong>Contato da Assessoria de Imprensa RJ<\/strong><br \/>\nClaudia Oliveira<br \/>\nclaudiamac.oliveira@gmail.com<br \/>\n(21) 2512-5742 \/ (21) 98799-5742<\/p>\n<p>&nbsp;<\/p>\n","protected":false},"excerpt":{"rendered":"<p>CAIXA BELAS ARTES &nbsp; Rua da Consola\u00e7\u00e3o, 2423 Consola\u00e7\u00e3o \u2013 S\u00e3o Paulo (SP) caixabelasartes.com.br &nbsp; Fone: (11) 2894-5781 Per\u00edodo: 19\/05 a\u00a01\u00ba\/06\/2016 &nbsp; Entrada pala metade do valor praticado no cinema CAIXA Belas Artes R$10 R$5 (meia) &nbsp; Valor do Passaporte R$ 30,00 &nbsp; Consulte os hor\u00e1rios das sess\u00f5es &nbsp; Contato da Assessoria de Imprensa SP [&hellip;]<\/p>\n","protected":false},"author":1,"featured_media":0,"parent":0,"menu_order":0,"comment_status":"open","ping_status":"open","template":"page-comochegar.php","meta":{"footnotes":""},"class_list":["post-33","page","type-page","status-publish","hentry"],"_links":{"self":[{"href":"http:\/\/mostraderekjarman.jurubebaproducoes.com.br\/2016\/wp-json\/wp\/v2\/pages\/33","targetHints":{"allow":["GET"]}}],"collection":[{"href":"http:\/\/mostraderekjarman.jurubebaproducoes.com.br\/2016\/wp-json\/wp\/v2\/pages"}],"about":[{"href":"http:\/\/mostraderekjarman.jurubebaproducoes.com.br\/2016\/wp-json\/wp\/v2\/types\/page"}],"author":[{"embeddable":true,"href":"http:\/\/mostraderekjarman.jurubebaproducoes.com.br\/2016\/wp-json\/wp\/v2\/users\/1"}],"replies":[{"embeddable":true,"href":"http:\/\/mostraderekjarman.jurubebaproducoes.com.br\/2016\/wp-json\/wp\/v2\/comments?post=33"}],"version-history":[{"count":9,"href":"http:\/\/mostraderekjarman.jurubebaproducoes.com.br\/2016\/wp-json\/wp\/v2\/pages\/33\/revisions"}],"predecessor-version":[{"id":228,"href":"http:\/\/mostraderekjarman.jurubebaproducoes.com.br\/2016\/wp-json\/wp\/v2\/pages\/33\/revisions\/228"}],"wp:attachment":[{"href":"http:\/\/mostraderekjarman.jurubebaproducoes.com.br\/2016\/wp-json\/wp\/v2\/media?parent=33"}],"curies":[{"name":"wp","href":"https:\/\/api.w.org\/{rel}","templated":true}]}}